{"id":77,"date":"2015-11-30T20:30:37","date_gmt":"2015-11-30T19:30:37","guid":{"rendered":"http:\/\/neunlive.marcohorn.de\/?page_id=77"},"modified":"2019-05-25T17:02:09","modified_gmt":"2019-05-25T16:02:09","slug":"kontakt","status":"publish","type":"page","link":"https:\/\/neun.live\/?page_id=77","title":{"rendered":"Kontakt"},"content":{"rendered":"<p><strong><img loading=\"lazy\" decoding=\"async\" class=\"size-thumbnail wp-image-404 alignnone\" src=\"http:\/\/neun.live\/wp-content\/uploads\/2019\/05\/mail-icon-150x150.png\" alt=\"\" width=\"150\" height=\"150\" srcset=\"https:\/\/neun.live\/wp-content\/uploads\/2019\/05\/mail-icon-150x150.png 150w, https:\/\/neun.live\/wp-content\/uploads\/2019\/05\/mail-icon-300x300.png 300w, https:\/\/neun.live\/wp-content\/uploads\/2019\/05\/mail-icon-480x480.png 480w, https:\/\/neun.live\/wp-content\/uploads\/2019\/05\/mail-icon-250x250.png 250w, https:\/\/neun.live\/wp-content\/uploads\/2019\/05\/mail-icon.png 640w\" sizes=\"(max-width: 150px) 100vw, 150px\" \/><\/strong><\/p>\n<p><strong>M<\/strong><strong>\u00f6chten Sie Kontakt zu uns aufnehmen?<\/strong><br \/>\n<strong> Wir freuen uns auf Ihre Nachricht \u00fcber unsere E-Mail Adresse <em><u>ko<!--321-->n<!--321-->takt<!-- >@. -->@<!--- >.@ -->ne<!--xyz-->un<!--abc--><!-- @>. -->.live<\/u><\/em><br \/>\nNat\u00fcrlich k\u00f6nnen Sie uns auch gerne \u00fcber unsere <a href=\"http:\/\/www.facebook.com\/neun.live\" target=\"_blank\" rel=\"noopener noreferrer\">Facebook-Seite<\/a> kontaktieren!<\/strong><\/p>\n","protected":false},"excerpt":{"rendered":"<p>M\u00f6chten Sie Kontakt zu uns aufnehmen? Wir freuen uns auf Ihre Nachricht \u00fcber unsere E-Mail Adresse kontakt@neun.live Nat\u00fcrlich k\u00f6nnen Sie uns auch gerne \u00fcber unsere Facebook-Seite kontaktieren!<\/p>\n","protected":false},"author":1,"featured_media":0,"parent":0,"menu_order":0,"comment_status":"closed","ping_status":"closed","template":"","meta":{"footnotes":""},"_links":{"self":[{"href":"https:\/\/neun.live\/index.php?rest_route=\/wp\/v2\/pages\/77"}],"collection":[{"href":"https:\/\/neun.live\/index.php?rest_route=\/wp\/v2\/pages"}],"about":[{"href":"https:\/\/neun.live\/index.php?rest_route=\/wp\/v2\/types\/page"}],"author":[{"embeddable":true,"href":"https:\/\/neun.live\/index.php?rest_route=\/wp\/v2\/users\/1"}],"replies":[{"embeddable":true,"href":"https:\/\/neun.live\/index.php?rest_route=%2Fwp%2Fv2%2Fcomments&post=77"}],"version-history":[{"count":15,"href":"https:\/\/neun.live\/index.php?rest_route=\/wp\/v2\/pages\/77\/revisions"}],"predecessor-version":[{"id":414,"href":"https:\/\/neun.live\/index.php?rest_route=\/wp\/v2\/pages\/77\/revisions\/414"}],"wp:attachment":[{"href":"https:\/\/neun.live\/index.php?rest_route=%2Fwp%2Fv2%2Fmedia&parent=77"}],"curies":[{"name":"wp","href":"https:\/\/api.w.org\/{rel}","templated":true}]}}