{"id":10,"date":"2015-11-28T16:59:39","date_gmt":"2015-11-28T15:59:39","guid":{"rendered":"http:\/\/neunlive.marcohorn.de\/?page_id=10"},"modified":"2024-04-10T20:14:32","modified_gmt":"2024-04-10T19:14:32","slug":"testseite","status":"publish","type":"page","link":"https:\/\/neun.live\/","title":{"rendered":"neun.live"},"content":{"rendered":"<div class=\"wp-block-image\">\n<figure class=\"aligncenter\"><img loading=\"lazy\" decoding=\"async\" width=\"300\" height=\"180\" src=\"http:\/\/neun.live\/wp-content\/uploads\/2015\/11\/logo-300x180.jpg\" alt=\"\" class=\"wp-image-4\" srcset=\"https:\/\/neun.live\/wp-content\/uploads\/2015\/11\/logo-300x180.jpg 300w, https:\/\/neun.live\/wp-content\/uploads\/2015\/11\/logo-1024x614.jpg 1024w, https:\/\/neun.live\/wp-content\/uploads\/2015\/11\/logo.jpg 1772w\" sizes=\"(max-width: 300px) 100vw, 300px\" \/><\/figure><\/div>\n\n<p><strong><img loading=\"lazy\" decoding=\"async\" class=\"wp-image-442 size-full aligncenter\" src=\"http:\/\/neun.live\/wp-content\/uploads\/2019\/07\/pup_2019_edited-1600x920.jpg\" alt=\"\" width=\"1600\" height=\"920\" srcset=\"https:\/\/neun.live\/wp-content\/uploads\/2019\/07\/pup_2019_edited-1600x920.jpg 1600w, https:\/\/neun.live\/wp-content\/uploads\/2019\/07\/pup_2019_edited-1600x920-300x173.jpg 300w, https:\/\/neun.live\/wp-content\/uploads\/2019\/07\/pup_2019_edited-1600x920-768x442.jpg 768w, https:\/\/neun.live\/wp-content\/uploads\/2019\/07\/pup_2019_edited-1600x920-1024x589.jpg 1024w, https:\/\/neun.live\/wp-content\/uploads\/2019\/07\/pup_2019_edited-1600x920-435x250.jpg 435w\" sizes=\"(max-width: 1600px) 100vw, 1600px\" \/><\/strong><\/p>\n<p><strong>neun.live<\/strong> &#8211; DIE HipHop-Pop-Rock-Funk Coverband aus Bretten (Raum Karlsruhe) begeistert durch ihr einzigartiges Konzept!<\/p>\n<p>Nur deutschsprachige Songs, von Jan Delay, Cro, Kraftklub, \u00fcber die Fantastischen 4, zu Fettes Brot und vielem mehr\u00a0vertreten <strong>neun.live<\/strong> das Beste, was die deutsche Musikkultur hervorgebracht hat &#8211; und die Covers stehen den Originalen in keinster Weise nach.<\/p>\n<p><strong>neun.live<\/strong> vereint 12 langj\u00e4hrig erfahrene Musiker aus bereits regional bekannten Bands. Rap-Einheiten, der Bl\u00e4sersatz und Keyboard sorgen f\u00fcr die n\u00f6tige W\u00fcrze, abgerundet werden die von den drei Frontm\u00e4nnern gesungenen Songs von mehrstimmigen weiblichen und m\u00e4nnlichen Backing Vocals.<\/p>\n<p><strong>neun.live<\/strong> auf der B\u00fchne machen einfach nur Spa\u00df und gute Laune. Megasound &amp; Megastimmung sind garantiert und Mitsingen, -klatschen, -springen ist hier nat\u00fcrlich ein Muss. Man kann eigentlich auch gar nicht anders \ud83d\ude09<\/p>\n<p><iframe loading=\"lazy\" src=\"https:\/\/www.youtube.com\/embed\/dleeuZd3WTE?rel=0\" width=\"768\" height=\"432\" frameborder=\"0\" allowfullscreen=\"allowfullscreen\"><\/iframe><\/p>\n\n\n<script src=\"https:\/\/static.elfsight.com\/platform\/platform.js\" data-use-service-core defer><\/script>\n<div class=\"elfsight-app-fcefc6cf-82e2-4c5b-aef7-b915aca47ba5\" data-elfsight-app-lazy><\/div>\n","protected":false},"excerpt":{"rendered":"<p>neun.live &#8211; DIE HipHop-Pop-Rock-Funk Coverband aus Bretten (Raum Karlsruhe) begeistert durch ihr einzigartiges Konzept! Nur deutschsprachige Songs, von Jan Delay, Cro, Kraftklub, \u00fcber die Fantastischen 4, zu Fettes Brot und&hellip;<a href=\"https:\/\/neun.live\/\" class=\"button\">Weiterlesen <span class=\"screen-reader-text\">neun.live<\/span><\/a><\/p>\n","protected":false},"author":1,"featured_media":0,"parent":0,"menu_order":0,"comment_status":"closed","ping_status":"closed","template":"templates\/front-page.php","meta":{"footnotes":""},"_links":{"self":[{"href":"https:\/\/neun.live\/index.php?rest_route=\/wp\/v2\/pages\/10"}],"collection":[{"href":"https:\/\/neun.live\/index.php?rest_route=\/wp\/v2\/pages"}],"about":[{"href":"https:\/\/neun.live\/index.php?rest_route=\/wp\/v2\/types\/page"}],"author":[{"embeddable":true,"href":"https:\/\/neun.live\/index.php?rest_route=\/wp\/v2\/users\/1"}],"replies":[{"embeddable":true,"href":"https:\/\/neun.live\/index.php?rest_route=%2Fwp%2Fv2%2Fcomments&post=10"}],"version-history":[{"count":31,"href":"https:\/\/neun.live\/index.php?rest_route=\/wp\/v2\/pages\/10\/revisions"}],"predecessor-version":[{"id":567,"href":"https:\/\/neun.live\/index.php?rest_route=\/wp\/v2\/pages\/10\/revisions\/567"}],"wp:attachment":[{"href":"https:\/\/neun.live\/index.php?rest_route=%2Fwp%2Fv2%2Fmedia&parent=10"}],"curies":[{"name":"wp","href":"https:\/\/api.w.org\/{rel}","templated":true}]}}